{"id":2110,"date":"2023-08-26T22:37:30","date_gmt":"2023-08-26T20:37:30","guid":{"rendered":"https:\/\/orizon.es\/?page_id=2110"},"modified":"2024-07-31T10:18:34","modified_gmt":"2024-07-31T08:18:34","slug":"cookies","status":"publish","type":"page","link":"https:\/\/orizon.es\/en\/cookies\/","title":{"rendered":"Cookies"},"content":{"rendered":"\n<p class=\"has-x-large-font-size\" style=\"padding-top:200px;padding-right:24px;padding-bottom:24px;padding-left:24px\">POL\u00cdTICA DE COOKIES<\/p>\n\n\n\n<hr class=\"wp-block-separator has-text-color has-secondary-color has-alpha-channel-opacity has-secondary-background-color has-background\"\/>\n\n\n\n<div class=\"wp-block-group has-global-padding is-layout-constrained wp-container-core-group-is-layout-3c41887f wp-block-group-is-layout-constrained\" style=\"padding-right:24px;padding-left:24px\">\n<p>El objetivo de esta pol\u00edtica es informar a los interesados acerca de las cookies que emplea esta p\u00e1gina web, de conformidad con lo establecido en la Ley 34\/2002, de 11 de julio, de Servicios de la Sociedad de la Informaci\u00f3n y de Comercio Electr\u00f3nico, y el Reglamento (UE) 2016\/679 del Parlamento Europeo y del Consejo de 27 de abril de 2016.<\/p>\n\n\n\n<h2 class=\"wp-block-heading\"><strong>USO DE COOKIES. \u00bfQU\u00c9 SON LAS COOKIES?<\/strong><\/h2>\n\n\n\n<p>Las cookies son ficheros que se descargan en su Ordenador, Smartphone o Tablet al acceder a determinadas p\u00e1ginas web, que almacenan y recuperan informaci\u00f3n cuando navegas. La utilizaci\u00f3n de cookies, ofrece numerosas ventajas en la prestaci\u00f3n de servicios de la Sociedad de la Informaci\u00f3n, puesto que, entre otras:<\/p>\n\n\n\n<p>(a) facilita la navegaci\u00f3n del usuario en el Sitio Web;<br>(b) facilita al usuario el acceso a los diferentes servicios que ofrece el Sitio Web;<br>(c) evita al usuario volver a configurar las caracter\u00edsticas generales predefinidas cada vez que accede al Sitio Web;<br>(d) favorece la mejora del funcionamiento y de los servicios prestados a trav\u00e9s del Sitio Web, tras el correspondiente an\u00e1lisis de la informaci\u00f3n obtenida a trav\u00e9s de las cookies instaladas;<br>(e) permiten a un Sitio Web, entre otras cosas, almacenar y recuperar informaci\u00f3n sobre los h\u00e1bitos de navegaci\u00f3n de un usuario o de su equipo y, dependiendo de la informaci\u00f3n que contengan y de la forma en que utilice su equipo, pueden utilizarse para reconocer al usuario.<\/p>\n\n\n\n<p>La mayor\u00eda de los navegadores aceptan como est\u00e1ndar las cookies y, con independencia de las mismas, permiten o impiden en los ajustes de seguridad las cookies temporales o memorizadas. Tenga en cuenta que, para poder utilizar y contar con una mejor experiencia de navegaci\u00f3n, es necesario que tenga habilitadas las cookies, especialmente aquellas de car\u00e1cter t\u00e9cnico que resultan necesarias para que puedan identificarle como usuario registrado cada vez que acceda a la presente web. En caso de no querer recibir cookies, puede, configure su navegador de internet, para que las borre del disco duro de su ordenador, las bloquee o le avise en su caso de instalaci\u00f3n de las mismas.<\/p>\n\n\n\n<h2 class=\"wp-block-heading\"><strong>\u00bfQU\u00c9 TIPOS DE COOKIES UTILIZA ESTA P\u00c1GINA WEB?<\/strong><\/h2>\n\n\n\n<p>Con el fin de proporcionarle la m\u00e1xima informaci\u00f3n posible, en primer lugar, procedemos a realizar una clasificaci\u00f3n de las cookies, en funci\u00f3n de una serie de categor\u00edas:<\/p>\n\n\n\n<p><strong>Tipos de cookies seg\u00fan la entidad que las gestione:<\/strong><\/p>\n\n\n\n<p><strong>a) Cookies Propias:<br><\/strong>Son aquellas de las que es responsable el propio editor y que, generalmente, se env\u00edan al equipo terminal del usuario desde un equipo o dominio gestionado por el propio editor y desde el que se presta el servicio solicitado por el usuario.<\/p>\n\n\n\n<p><br><strong>b) Cookies de terceros:<br><\/strong>Son aquellas de las que es responsable una entidad distinta del editor y que, generalmente, se env\u00edan al equipo terminal del usuario desde un equipo o dominio que no es gestionado por el editor, sino por otra entidad que trata los datos obtenidos a trav\u00e9s de las cookies.<\/p>\n\n\n\n<p><strong>Tipos de cookies seg\u00fan su finalidad:<\/strong><\/p>\n\n\n\n<p><strong>a) Cookies t\u00e9cnicas: <\/strong>son aquellas que permiten al usuario la navegaci\u00f3n a trav\u00e9s de una p\u00e1gina web, plataforma o aplicaci\u00f3n y la utilizaci\u00f3n de las diferentes opciones o servicios que en ella existan, incluyendo aquellas que el editor utiliza para permitir la gesti\u00f3n y operativa de la p\u00e1gina web y habilitar sus funciones y servicios, como, por ejemplo, controlar el tr\u00e1fico y la comunicaci\u00f3n de datos, identificar la sesi\u00f3n, acceder a partes de acceso restringido, realizar el proceso de compra, realizar, almacenar contenidos, para la difusi\u00f3n de v\u00eddeos o sonido, habilitar contenidos din\u00e1micos, etc.).<\/p>\n\n\n\n<p><br><strong>b) Cookies de preferencias o personalizaci\u00f3n: <\/strong>son aquellas que permiten recordar informaci\u00f3n para que el usuario acceda al servicio con determinadas caracter\u00edsticas que pueden diferenciar su experiencia de la de otros usuarios, como, por ejemplo, el idioma, el n\u00famero de resultados a mostrar cuando el usuario realiza una b\u00fasqueda, etc.<\/p>\n\n\n\n<p><br><strong>c) Cookies de an\u00e1lisis o medici\u00f3n: <\/strong>son aquellas que permiten al responsable de las mismas el seguimiento y an\u00e1lisis del comportamiento de los usuarios de los sitios web a los que est\u00e1n vinculadas, incluida la cuantificaci\u00f3n de los impactos de los anuncios.<\/p>\n\n\n\n<p><br><strong>d) Cookies de publicidad comportamental: <\/strong>son aquellas que almacenan informaci\u00f3n del comportamiento de los usuarios obtenida a trav\u00e9s de la observaci\u00f3n continuada de sus h\u00e1bitos de navegaci\u00f3n, lo que permite desarrollar un perfil espec\u00edfico para mostrar publicidad en funci\u00f3n del mismo.<\/p>\n\n\n\n<p><br><strong>Tipos de cookies seg\u00fan el plazo de tiempo que permanecen activadas:<\/strong><\/p>\n\n\n\n<p><br><strong>a) Cookies de sesi\u00f3n:<\/strong> son aquellas dise\u00f1adas para recabar y almacenar datos mientras el usuario accede a una p\u00e1gina web. Se suelen emplear para almacenar informaci\u00f3n que solo interesa conservar para la prestaci\u00f3n del servicio solicitado por el usuario en una sola ocasi\u00f3n (por ejemplo, una lista de productos adquiridos) y desaparecen al terminar la sesi\u00f3n.<\/p>\n\n\n\n<p><br><strong>b) Cookies persistentes:<\/strong> son aquellas en las que los datos siguen almacenados en el terminal y pueden ser accedidos y tratados durante un periodo definido por el responsable de la cookie, y que puede ir de unos minutos a varios a\u00f1os.<br>A continuaci\u00f3n, detallamos la lista de las cookies que utilizamos:<\/p>\n\n\n\n<h2 class=\"wp-block-heading\"><strong>A continuaci\u00f3n, detallamos la lista de las cookies que utilizamos:<\/strong><\/h2>\n\n\n\n<h3 class=\"wp-block-heading\"><strong>Necesarias<\/strong><\/h3>\n\n\n\n<p>Las cookies necesarias son cruciales para las funciones b\u00e1sicas del sitio web y el sitio web no funcionar\u00e1 de la forma prevista sin ellas. Estas cookies no almacenan ning\u00fan dato de identificaci\u00f3n personal.<\/p>\n\n\n\n<figure class=\"wp-block-table\"><table><thead><tr><th>Cookie<\/th><th>Duraci\u00f3n<\/th><th>Descripci\u00f3n<\/th><\/tr><\/thead><tbody><tr><td>cookieyes-consent<\/td><td>1 a\u00f1o<\/td><td>CookieYes establece esta cookie para recordar las preferencias de consentimiento de los usuarios, de modo que se respeten sus preferencias en las siguientes visitas a este sitio. No recoge ni almacena ninguna informaci\u00f3n personal sobre los visitantes del sitio.<\/td><\/tr><tr><td>_GRECAPTCHA<\/td><td>6 meses<\/td><td>El servicio Recaptcha de Google establece esta cookie para identificar bots y proteger el sitio web contra ataques de spam malintencionados.<\/td><\/tr><\/tbody><\/table><\/figure>\n\n\n\n<h3 class=\"wp-block-heading\"><strong>Funcionales<\/strong><\/h3>\n\n\n\n<p>Las cookies funcionales ayudan a realizar ciertas funcionalidades, como compartir el contenido del sitio web en plataformas de redes sociales, recopilar comentarios y otras caracter\u00edsticas de terceros.<\/p>\n\n\n\n<figure class=\"wp-block-table\"><table><thead><tr><th>Cookie<\/th><th>Duraci\u00f3n<\/th><th>Descripci\u00f3n<\/th><\/tr><\/thead><tbody><tr><td>wp-wpml_current_language<\/td><td>sesi\u00f3n<\/td><td>El plugin multiling\u00fce de WordPress establece esta cookie para almacenar la configuraci\u00f3n del idioma actual.<\/td><\/tr><\/tbody><\/table><\/figure>\n\n\n\n<h3 class=\"wp-block-heading\"><strong>Anal\u00edticas<\/strong><\/h3>\n\n\n\n<p>Las cookies anal\u00edticas se utilizan para comprender c\u00f3mo interact\u00faan los visitantes con el sitio web. Estas cookies ayudan a proporcionar informaci\u00f3n sobre m\u00e9tricas el n\u00famero de visitantes, el porcentaje de rebote, la fuente de tr\u00e1fico, etc.<\/p>\n\n\n\n<figure class=\"wp-block-table\"><table><thead><tr><th>Cookie<\/th><th>Duraci\u00f3n<\/th><th>Descripci\u00f3n<\/th><\/tr><\/thead><tbody><tr><td>_ga<\/td><td>1 a\u00f1o 1 mes 4 d\u00edas<\/td><td>Google Analytics establece esta cookie para calcular los datos de los visitantes, de las sesiones y de las campa\u00f1as y para hacer un seguimiento del uso del sitio para el informe de an\u00e1lisis del sitio. La cookie almacena la informaci\u00f3n de forma an\u00f3nima y asigna un n\u00famero generado aleatoriamente para reconocer a los visitantes \u00fanicos.<\/td><\/tr><\/tbody><\/table><\/figure>\n<\/div>\n\n\n\n<p>El portal del que es titular ORIZON SISTEMAS DE INFORMACION SL puede contener enlaces a sitios web de terceros, cuyas pol\u00edticas de privacidad son ajenas a la de ORIZON SISTEMAS DE INFORMACION SL. Al acceder a tales sitios web usted puede decidir si acepta sus pol\u00edticas de privacidad y de cookies. Con car\u00e1cter general, si navega por internet usted puede aceptar o rechazar las cookies de terceros desde las opciones de configuraci\u00f3n de su navegador.ORIZON SISTEMAS DE INFORMACION SL no se hace responsable, en ning\u00fan caso, ni del contenido ni de la veracidad de las pol\u00edticas y\/o condiciones de uso y privacidad de los terceros.<\/p>\n\n\n\n<h2 class=\"wp-block-heading\"><strong>CONSENTIMIENTO<\/strong><\/h2>\n\n\n\n<p>En relaci\u00f3n con la utilizaci\u00f3n de cookies de este sitio web, el usuario autoriza y consiente su uso de la siguiente forma:<br>Cuando el usuario accede a cualquier p\u00e1gina de la web, ver\u00e1 un aviso donde se indica que la p\u00e1gina web de ORIZON SISTEMAS DE INFORMACION SL utiliza cookies, pudiendo el usuario aceptar o rechazar o configurarlas mismas. Al hacer clic en aceptar, usted acepta el uso de nuestras cookies y, en su caso, las de terceros. A estos efectos, le indicamos que el panel de configuraci\u00f3n permite la posibilidad de aceptarlas o rechazarlas por tipolog\u00eda.<\/p>\n\n\n\n<h2 class=\"wp-block-heading\"><strong>PLAZOS O CRITERIOS DE CONSERVACI\u00d3N DE LOS DATOS<\/strong><\/h2>\n\n\n\n<p>Los datos obtenidos a trav\u00e9s del uso de las cookies por usted seleccionadas, ser\u00e1n conservados durante el tiempo necesario para cumplir con las finalidades para los que fueron recopilados y durante el periodo de tiempo establecido en el apartado \u00abQU\u00c9 TIPOS DE COOKIES UTILIZA ESTA P\u00c1GINA WEB\u00bb de la presente pol\u00edtica, para cada una de las cookies instaladas en el dispositivo.<\/p>\n\n\n\n<h2 class=\"wp-block-heading\"><strong>C\u00d3MO BLOQUEAR REVOCAR O ELIMINAR LAS COOKIES INSTALADAS<\/strong><\/h2>\n\n\n\n<p>Puede usted permitir, bloquear, revocar o eliminar las cookies instaladas en su equipo a trav\u00e9s de la configuraci\u00f3n de su navegador. Puede encontrar informaci\u00f3n sobre c\u00f3mo hacerlo, en relaci\u00f3n con los navegadores m\u00e1s comunes, en los links que se incluyen a continuaci\u00f3n:<\/p>\n\n\n\n<ul class=\"wp-block-list\">\n<li><a href=\"https:\/\/privacy.microsoft.com\/es-es\/windows-10-microsoft-edge-and-privacy\" rel=\"nofollow noopener\" target=\"_blank\">Microsoft Edge<\/a><\/li>\n\n\n\n<li><a href=\"https:\/\/support.google.com\/chrome\/answer\/95647?co=GENIE.Platform%3DDesktop&amp;hl=es\" rel=\"nofollow noopener\" target=\"_blank\">Chrome<\/a><\/li>\n\n\n\n<li><a href=\"http:\/\/support.mozilla.org\/es\/kb\/Borrar%20cookies\" rel=\"nofollow noopener\" target=\"_blank\">Firefox<\/a><\/li>\n\n\n\n<li><a href=\"http:\/\/support.apple.com\/kb\/ph5042\" rel=\"nofollow noopener\" target=\"_blank\">Safari<\/a><\/li>\n\n\n\n<li><a href=\"https:\/\/help.opera.com\/en\/latest\/web-preferences\/#cookies\" rel=\"nofollow noopener\" target=\"_blank\">Opera<\/a><\/li>\n<\/ul>\n\n\n\n<p>Para poder revocar las cookies inicialmente aceptadas, haga clic en Revocar cookies<\/p>\n\n\n\n<p>HERRAMIENTAS DEL SITIO WEB<\/p>\n\n\n\n<ul class=\"wp-block-list\">\n<li>Google Analytics 4<br>Siempre que contemos con su consentimiento, utilizaremos Google Analytics con fines estad\u00edsticos a efectos de comprender como interact\u00faa con nuestro sitio web sin que Google identifique personalmente a cada visitante. A estos efectos, debe tener en cuenta que Google Analytics 4 no registra ni almacena direcciones IP en ning\u00fan servidor, sino que emplea un modelo de medici\u00f3n basado en eventos y par\u00e1metros, siendo esta la informaci\u00f3n que registra en los dominios y servidores de la UE.<\/li>\n<\/ul>\n\n\n\n<p>En este contexto, Google \u00fanicamente recopila datos granulares de ubicaci\u00f3n aproximada y de caracter\u00edsticas del dispositivo. Asimismo, Google solo incluir\u00e1 datos estimados de usuarios que han consentido el uso de identificadores.<\/p>\n\n\n\n<p>Adicionalmente le informamos de que tenemos habilitadas las siguientes funciones publicitarias <strong>Remarketing con Google Analytics, Informes de impresiones de la Red de Display de Google, Integraciones de la plataforma DoubleClick y los Informes de datos demogr\u00e1ficos e intereses de Google Analytics<\/strong>. Puede inhabilitar las funciones publicitarias de Google Analytics sea desde la <strong>Configuraci\u00f3n de anuncios<\/strong> o instalando en su dispositivo el complemento de inhabilitaci\u00f3n para navegadores de Google Analytics, a trav\u00e9s del siguiente enlace <a><strong>https:\/\/tools.google.com\/dlpage\/gaoptout\/<\/strong><\/a>.<\/p>\n\n\n\n<p><\/p>\n\n\n\n<p><strong>TRANSFERENCIAS INTERNACIONALES DE DATOS<\/strong><\/p>\n\n\n\n<p>En cumplimiento de lo establecido en el Reglamento Europeo 2016\/679 del Parlamento Europeo y del Consejo de 27 de abril de 2016, y la Ley Org\u00e1nica 3\/2018, de 5 de diciembre, de Protecci\u00f3n de Datos Personales y garant\u00eda de los derechos digitales, te informamos que, como consecuencia de los proveedores empleados, la entidad realiza las siguientes transferencias internacionales de datos a destinatarios establecidos fuera del Espacio Econ\u00f3mico Europeo (EEE):<\/p>\n\n\n\n<figure class=\"wp-block-table\"><table class=\"has-fixed-layout\"><thead><tr><th>Pa\u00eds<\/th><th>Finalidad<\/th><th>Tipolog\u00edas de Datos<\/th><th>Garant\u00eda<\/th><\/tr><\/thead><tbody><tr><td>Estados Unidos<\/td><td>Almacenamiento y procesamiento de datos<\/td><td>Datos personales, datos de transacciones<\/td><td>Cl\u00e1usulas contractuales tipo aprobadas por la Comisi\u00f3n Europea<\/td><\/tr><\/tbody><\/table><\/figure>\n\n\n\n<p>Le informamos que las referidas Transferencias Internacionales de Datos no est\u00e1n basadas en una decisi\u00f3n de adecuaci\u00f3n de la Comisi\u00f3n Europea ni en el ofrecimiento de garant\u00edas adecuadas, por lo que no cuentan con un nivel id\u00f3neo de protecci\u00f3n de conformidad con lo dispuesto por el RGPD. A los efectos oportunos, le informamos que este hecho puede conllevar ciertos riesgos para la protecci\u00f3n de sus datos de car\u00e1cter personal. Dichos riesgos derivados pueden incluir que no exista una autoridad supervisora de protecci\u00f3n equivalente y\/o unos principios de protecci\u00f3n de tratamiento de datos y\/o unos derechos de protecci\u00f3n de los interesados equivalentes.<\/p>\n\n\n\n<p><\/p>\n\n\n\n<p><strong>MODIFICACIONES. ACTUALIZACI\u00d3N<\/strong><\/p>\n\n\n\n<p><strong><br><\/strong>La presente pol\u00edtica de cookies puede verse modificada\/actualizada en funci\u00f3n de las exigencias legales establecidas o con la finalidad de adaptar dicha pol\u00edtica a las instrucciones dictadas por la Agencia Espa\u00f1ola de Protecci\u00f3n de Datos o por actualizaci\u00f3n de nuestro sitio web. Por esta raz\u00f3n, aconsejamos a los usuarios que visiten peri\u00f3dicamente nuestra pol\u00edtica de cookies.<\/p>\n\n\n\n<p>Si tiene dudas acerca de esta pol\u00edtica de cookies, puede contactar con ORIZON SISTEMAS DE INFORMACION SL a trav\u00e9s del siguiente correo electr\u00f3nicoorizon@orizon.es<\/p>\n\n\n\n<p>Para obtener informaci\u00f3n adicional sobre el tratamiento de sus datos personales acuda a nuestra <a href=\"https:\/\/orizon.es\/politica-de-privacidad\/\">pol\u00edtica de privacidad<\/a>.<\/p>\n","protected":false},"excerpt":{"rendered":"<p>POL\u00cdTICA DE COOKIES El objetivo de esta pol\u00edtica es informar a los interesados acerca de las cookies que emplea esta p\u00e1gina web, de conformidad con lo establecido en la Ley 34\/2002, de 11 de julio, de Servicios de la Sociedad de la Informaci\u00f3n y de Comercio Electr\u00f3nico, y el Reglamento (UE) 2016\/679 del Parlamento Europeo [&hellip;]<\/p>\n","protected":false},"author":1,"featured_media":0,"parent":0,"menu_order":0,"comment_status":"closed","ping_status":"closed","template":"","meta":{"_uag_custom_page_level_css":"","footnotes":""},"class_list":["post-2110","page","type-page","status-publish","hentry"],"uagb_featured_image_src":{"full":false,"thumbnail":false,"medium":false,"medium_large":false,"large":false,"1536x1536":false,"2048x2048":false},"uagb_author_info":{"display_name":"david","author_link":"https:\/\/orizon.es\/en\/author\/david\/"},"uagb_comment_info":0,"uagb_excerpt":"POL\u00cdTICA DE COOKIES El objetivo de esta pol\u00edtica es informar a los interesados acerca de las cookies que emplea esta p\u00e1gina web, de conformidad con lo establecido en la Ley 34\/2002, de 11 de julio, de Servicios de la Sociedad de la Informaci\u00f3n y de Comercio Electr\u00f3nico, y el Reglamento (UE) 2016\/679 del Parlamento Europeo&hellip;","_links":{"self":[{"href":"https:\/\/orizon.es\/en\/wp-json\/wp\/v2\/pages\/2110","targetHints":{"allow":["GET"]}}],"collection":[{"href":"https:\/\/orizon.es\/en\/wp-json\/wp\/v2\/pages"}],"about":[{"href":"https:\/\/orizon.es\/en\/wp-json\/wp\/v2\/types\/page"}],"author":[{"embeddable":true,"href":"https:\/\/orizon.es\/en\/wp-json\/wp\/v2\/users\/1"}],"replies":[{"embeddable":true,"href":"https:\/\/orizon.es\/en\/wp-json\/wp\/v2\/comments?post=2110"}],"version-history":[{"count":17,"href":"https:\/\/orizon.es\/en\/wp-json\/wp\/v2\/pages\/2110\/revisions"}],"predecessor-version":[{"id":15418,"href":"https:\/\/orizon.es\/en\/wp-json\/wp\/v2\/pages\/2110\/revisions\/15418"}],"wp:attachment":[{"href":"https:\/\/orizon.es\/en\/wp-json\/wp\/v2\/media?parent=2110"}],"curies":[{"name":"wp","href":"https:\/\/api.w.org\/{rel}","templated":true}]}}