{"id":13894,"date":"2023-09-29T08:31:57","date_gmt":"2023-09-29T06:31:57","guid":{"rendered":"https:\/\/orizon.es\/development-and-innovation\/"},"modified":"2024-01-30T18:55:32","modified_gmt":"2024-01-30T16:55:32","slug":"development-and-innovation","status":"publish","type":"page","link":"https:\/\/orizon.es\/en\/development-and-innovation\/","title":{"rendered":"Software optimization, development &amp; innovation &#8211; Expertise"},"content":{"rendered":"\n<div class=\"wp-block-group has-global-padding is-layout-constrained wp-block-group-is-layout-constrained\">\n<div class=\"wp-block-group has-global-padding is-layout-constrained wp-block-group-is-layout-constrained\">\n<div class=\"wp-block-group has-global-padding is-layout-constrained wp-container-core-group-is-layout-a1a6f9c9 wp-block-group-is-layout-constrained\" style=\"padding-top:200px;padding-right:24px;padding-bottom:24px;padding-left:24px\">\n<h1 class=\"wp-block-heading has-x-large-font-size\" style=\"font-style:normal;font-weight:100\">Expertise<\/h1>\n\n\n\n<hr class=\"wp-block-separator has-text-color has-secondary-color has-alpha-channel-opacity has-secondary-background-color has-background is-style-wide\" style=\"margin-top:40px\"\/>\n\n\n\n<div class=\"wp-block-group alignwide orizon-no-gap is-content-justification-right is-layout-flex wp-container-core-group-is-layout-d0be3384 wp-block-group-is-layout-flex\" style=\"margin-top:16px\">\n<div class=\"wp-block-columns orizon-no-gap is-layout-flex wp-container-core-columns-is-layout-28f84493 wp-block-columns-is-layout-flex\">\n<div class=\"wp-block-column is-layout-flow wp-block-column-is-layout-flow\"><\/div>\n\n\n\n<div class=\"wp-block-column is-layout-flow wp-block-column-is-layout-flow\" style=\"flex-basis:483px\">\n<p class=\"has-contrast-color has-text-color has-extra-small-font-size\" style=\"line-height:1.2\">A space to share with you our knowledge and expertise in software optimization and IT performance.<\/p>\n<\/div>\n<\/div>\n<\/div>\n<\/div>\n<\/div>\n<\/div>\n\n<div class=\"wp-block-group has-global-padding is-layout-constrained wp-container-core-group-is-layout-d5131023 wp-block-group-is-layout-constrained\" style=\"margin-bottom:48px;padding-right:24px;padding-left:24px\">\n<div class=\"wp-block-query alignfull is-layout-flow wp-block-query-is-layout-flow\"><ul class=\"columns-3 gap-8 expertise-posts anchor-invert-underline query-post-same-height wp-block-post-template is-layout-grid wp-container-core-post-template-is-layout-6d3fbd8f wp-block-post-template-is-layout-grid\"><li class=\"wp-block-post post-17177 expertise type-expertise status-publish format-standard has-post-thumbnail hentry\">\n\n<div class=\"wp-block-group has-secondary-background-color has-background has-global-padding is-layout-constrained wp-container-core-group-is-layout-f29f0ec0 wp-block-group-is-layout-constrained\" style=\"padding-top:0px;padding-bottom:0px\"><figure class=\"wp-block-post-featured-image\"><a href=\"https:\/\/orizon.es\/en\/expertise\/eficiencia-del-software-2\/\" target=\"_self\"  ><img decoding=\"async\" width=\"1200\" height=\"628\" src=\"https:\/\/orizon.es\/wp-content\/uploads\/2025\/07\/Diseno-sin-titulo-29.jpg\" class=\"attachment-post-thumbnail size-post-thumbnail wp-post-image\" alt=\"Eficiencia del software: c\u00f3mo mejorar el rendimiento TI y reducir costes\" style=\"object-fit:cover;\" srcset=\"https:\/\/orizon.es\/wp-content\/uploads\/2025\/07\/Diseno-sin-titulo-29.jpg 1200w, https:\/\/orizon.es\/wp-content\/uploads\/2025\/07\/Diseno-sin-titulo-29-300x157.jpg 300w, https:\/\/orizon.es\/wp-content\/uploads\/2025\/07\/Diseno-sin-titulo-29-1024x536.jpg 1024w, https:\/\/orizon.es\/wp-content\/uploads\/2025\/07\/Diseno-sin-titulo-29-768x402.jpg 768w\" sizes=\"(max-width: 1200px) 100vw, 1200px\" \/><\/a><\/figure>\n\n\n<div class=\"wp-block-group has-global-padding is-layout-constrained wp-container-core-group-is-layout-4a7a50bb wp-block-group-is-layout-constrained\" style=\"margin-top:0px;margin-bottom:0px;padding-top:32px;padding-right:32px;padding-bottom:32px;padding-left:32px\"><div style=\"font-size:clamp(15.747px, 0.984rem + ((1vw - 3.2px) * 0.699), 24px); margin-bottom:16px;\" class=\"wp-block-post-date has-text-color has-darker-text-3-color\"><time datetime=\"2025-07-30T12:50:37+02:00\">30\/07\/2025<\/time><\/div>\n\n<h2 style=\"font-style:normal;font-weight:100;text-decoration:none;\" class=\"wp-block-post-title has-large-font-size\"><a href=\"https:\/\/orizon.es\/en\/expertise\/eficiencia-del-software-2\/\" target=\"_self\" >Eficiencia del software: c\u00f3mo mejorar el rendimiento TI y reducir costes<\/a><\/h2>\n\n\n<div class=\"wp-block-group is-content-justification-right is-nowrap is-layout-flex wp-container-core-group-is-layout-11a47eb6 wp-block-group-is-layout-flex\" style=\"margin-top:0px\"><a class=\"orizon-read-more-btn wp-block-read-more\" href=\"https:\/\/orizon.es\/en\/expertise\/eficiencia-del-software-2\/\" target=\"_self\">Read more<span class=\"screen-reader-text\">: Eficiencia del software: c\u00f3mo mejorar el rendimiento TI y reducir costes<\/span><\/a><\/div>\n<\/div>\n<\/div>\n\n<\/li><li class=\"wp-block-post post-16320 expertise type-expertise status-publish format-standard has-post-thumbnail hentry\">\n\n<div class=\"wp-block-group has-secondary-background-color has-background has-global-padding is-layout-constrained wp-container-core-group-is-layout-f29f0ec0 wp-block-group-is-layout-constrained\" style=\"padding-top:0px;padding-bottom:0px\"><figure class=\"wp-block-post-featured-image\"><a href=\"https:\/\/orizon.es\/en\/expertise\/eficiencia-del-codigo\/\" target=\"_self\"  ><img decoding=\"async\" width=\"1200\" height=\"628\" src=\"https:\/\/orizon.es\/wp-content\/uploads\/2025\/05\/Diseno-sin-titulo-7.jpg\" class=\"attachment-post-thumbnail size-post-thumbnail wp-post-image\" alt=\"Eficiencia del c\u00f3digo: el verdadero motor oculto del rendimiento tecnol\u00f3gico\" style=\"object-fit:cover;\" srcset=\"https:\/\/orizon.es\/wp-content\/uploads\/2025\/05\/Diseno-sin-titulo-7.jpg 1200w, https:\/\/orizon.es\/wp-content\/uploads\/2025\/05\/Diseno-sin-titulo-7-300x157.jpg 300w, https:\/\/orizon.es\/wp-content\/uploads\/2025\/05\/Diseno-sin-titulo-7-1024x536.jpg 1024w, https:\/\/orizon.es\/wp-content\/uploads\/2025\/05\/Diseno-sin-titulo-7-768x402.jpg 768w\" sizes=\"(max-width: 1200px) 100vw, 1200px\" \/><\/a><\/figure>\n\n\n<div class=\"wp-block-group has-global-padding is-layout-constrained wp-container-core-group-is-layout-4a7a50bb wp-block-group-is-layout-constrained\" style=\"margin-top:0px;margin-bottom:0px;padding-top:32px;padding-right:32px;padding-bottom:32px;padding-left:32px\"><div style=\"font-size:clamp(15.747px, 0.984rem + ((1vw - 3.2px) * 0.699), 24px); margin-bottom:16px;\" class=\"wp-block-post-date has-text-color has-darker-text-3-color\"><time datetime=\"2025-05-27T14:13:50+02:00\">27\/05\/2025<\/time><\/div>\n\n<h2 style=\"font-style:normal;font-weight:100;text-decoration:none;\" class=\"wp-block-post-title has-large-font-size\"><a href=\"https:\/\/orizon.es\/en\/expertise\/eficiencia-del-codigo\/\" target=\"_self\" >Eficiencia del c\u00f3digo: el verdadero motor oculto del rendimiento tecnol\u00f3gico<\/a><\/h2>\n\n\n<div class=\"wp-block-group is-content-justification-right is-nowrap is-layout-flex wp-container-core-group-is-layout-11a47eb6 wp-block-group-is-layout-flex\" style=\"margin-top:0px\"><a class=\"orizon-read-more-btn wp-block-read-more\" href=\"https:\/\/orizon.es\/en\/expertise\/eficiencia-del-codigo\/\" target=\"_self\">Read more<span class=\"screen-reader-text\">: Eficiencia del c\u00f3digo: el verdadero motor oculto del rendimiento tecnol\u00f3gico<\/span><\/a><\/div>\n<\/div>\n<\/div>\n\n<\/li><li class=\"wp-block-post post-16312 expertise type-expertise status-publish format-standard has-post-thumbnail hentry\">\n\n<div class=\"wp-block-group has-secondary-background-color has-background has-global-padding is-layout-constrained wp-container-core-group-is-layout-f29f0ec0 wp-block-group-is-layout-constrained\" style=\"padding-top:0px;padding-bottom:0px\"><figure class=\"wp-block-post-featured-image\"><a href=\"https:\/\/orizon.es\/en\/expertise\/la-eficiencia-de-las-aplicaciones\/\" target=\"_self\"  ><img decoding=\"async\" width=\"1200\" height=\"628\" src=\"https:\/\/orizon.es\/wp-content\/uploads\/2025\/05\/Diseno-sin-titulo-5.jpg\" class=\"attachment-post-thumbnail size-post-thumbnail wp-post-image\" alt=\"Eficiencia de las aplicaciones: la clave para reducir costes y mejorar el rendimiento tecnol\u00f3gico\" style=\"object-fit:cover;\" srcset=\"https:\/\/orizon.es\/wp-content\/uploads\/2025\/05\/Diseno-sin-titulo-5.jpg 1200w, https:\/\/orizon.es\/wp-content\/uploads\/2025\/05\/Diseno-sin-titulo-5-300x157.jpg 300w, https:\/\/orizon.es\/wp-content\/uploads\/2025\/05\/Diseno-sin-titulo-5-1024x536.jpg 1024w, https:\/\/orizon.es\/wp-content\/uploads\/2025\/05\/Diseno-sin-titulo-5-768x402.jpg 768w\" sizes=\"(max-width: 1200px) 100vw, 1200px\" \/><\/a><\/figure>\n\n\n<div class=\"wp-block-group has-global-padding is-layout-constrained wp-container-core-group-is-layout-4a7a50bb wp-block-group-is-layout-constrained\" style=\"margin-top:0px;margin-bottom:0px;padding-top:32px;padding-right:32px;padding-bottom:32px;padding-left:32px\"><div style=\"font-size:clamp(15.747px, 0.984rem + ((1vw - 3.2px) * 0.699), 24px); margin-bottom:16px;\" class=\"wp-block-post-date has-text-color has-darker-text-3-color\"><time datetime=\"2025-05-27T12:40:15+02:00\">27\/05\/2025<\/time><\/div>\n\n<h2 style=\"font-style:normal;font-weight:100;text-decoration:none;\" class=\"wp-block-post-title has-large-font-size\"><a href=\"https:\/\/orizon.es\/en\/expertise\/la-eficiencia-de-las-aplicaciones\/\" target=\"_self\" >Eficiencia de las aplicaciones: la clave para reducir costes y mejorar el rendimiento tecnol\u00f3gico<\/a><\/h2>\n\n\n<div class=\"wp-block-group is-content-justification-right is-nowrap is-layout-flex wp-container-core-group-is-layout-11a47eb6 wp-block-group-is-layout-flex\" style=\"margin-top:0px\"><a class=\"orizon-read-more-btn wp-block-read-more\" href=\"https:\/\/orizon.es\/en\/expertise\/la-eficiencia-de-las-aplicaciones\/\" target=\"_self\">Read more<span class=\"screen-reader-text\">: Eficiencia de las aplicaciones: la clave para reducir costes y mejorar el rendimiento tecnol\u00f3gico<\/span><\/a><\/div>\n<\/div>\n<\/div>\n\n<\/li><li class=\"wp-block-post post-16305 expertise type-expertise status-publish format-standard has-post-thumbnail hentry\">\n\n<div class=\"wp-block-group has-secondary-background-color has-background has-global-padding is-layout-constrained wp-container-core-group-is-layout-f29f0ec0 wp-block-group-is-layout-constrained\" style=\"padding-top:0px;padding-bottom:0px\"><figure class=\"wp-block-post-featured-image\"><a href=\"https:\/\/orizon.es\/en\/expertise\/calidad-dinamica-del-software\/\" target=\"_self\"  ><img decoding=\"async\" width=\"1200\" height=\"628\" src=\"https:\/\/orizon.es\/wp-content\/uploads\/2025\/05\/Diseno-sin-titulo-4.jpg\" class=\"attachment-post-thumbnail size-post-thumbnail wp-post-image\" alt=\"Calidad din\u00e1mica del software: el nuevo est\u00e1ndar para optimizar el rendimiento tecnol\u00f3gico\" style=\"object-fit:cover;\" srcset=\"https:\/\/orizon.es\/wp-content\/uploads\/2025\/05\/Diseno-sin-titulo-4.jpg 1200w, https:\/\/orizon.es\/wp-content\/uploads\/2025\/05\/Diseno-sin-titulo-4-300x157.jpg 300w, https:\/\/orizon.es\/wp-content\/uploads\/2025\/05\/Diseno-sin-titulo-4-1024x536.jpg 1024w, https:\/\/orizon.es\/wp-content\/uploads\/2025\/05\/Diseno-sin-titulo-4-768x402.jpg 768w\" sizes=\"(max-width: 1200px) 100vw, 1200px\" \/><\/a><\/figure>\n\n\n<div class=\"wp-block-group has-global-padding is-layout-constrained wp-container-core-group-is-layout-4a7a50bb wp-block-group-is-layout-constrained\" style=\"margin-top:0px;margin-bottom:0px;padding-top:32px;padding-right:32px;padding-bottom:32px;padding-left:32px\"><div style=\"font-size:clamp(15.747px, 0.984rem + ((1vw - 3.2px) * 0.699), 24px); margin-bottom:16px;\" class=\"wp-block-post-date has-text-color has-darker-text-3-color\"><time datetime=\"2025-05-27T12:17:45+02:00\">27\/05\/2025<\/time><\/div>\n\n<h2 style=\"font-style:normal;font-weight:100;text-decoration:none;\" class=\"wp-block-post-title has-large-font-size\"><a href=\"https:\/\/orizon.es\/en\/expertise\/calidad-dinamica-del-software\/\" target=\"_self\" >Calidad din\u00e1mica del software: el nuevo est\u00e1ndar para optimizar el rendimiento tecnol\u00f3gico<\/a><\/h2>\n\n\n<div class=\"wp-block-group is-content-justification-right is-nowrap is-layout-flex wp-container-core-group-is-layout-11a47eb6 wp-block-group-is-layout-flex\" style=\"margin-top:0px\"><a class=\"orizon-read-more-btn wp-block-read-more\" href=\"https:\/\/orizon.es\/en\/expertise\/calidad-dinamica-del-software\/\" target=\"_self\">Read more<span class=\"screen-reader-text\">: Calidad din\u00e1mica del software: el nuevo est\u00e1ndar para optimizar el rendimiento tecnol\u00f3gico<\/span><\/a><\/div>\n<\/div>\n<\/div>\n\n<\/li><li class=\"wp-block-post post-16285 expertise type-expertise status-publish format-standard has-post-thumbnail hentry\">\n\n<div class=\"wp-block-group has-secondary-background-color has-background has-global-padding is-layout-constrained wp-container-core-group-is-layout-f29f0ec0 wp-block-group-is-layout-constrained\" style=\"padding-top:0px;padding-bottom:0px\"><figure class=\"wp-block-post-featured-image\"><a href=\"https:\/\/orizon.es\/en\/expertise\/eficiencia-del-software\/\" target=\"_self\"  ><img decoding=\"async\" width=\"1200\" height=\"628\" src=\"https:\/\/orizon.es\/wp-content\/uploads\/2025\/05\/Diseno-sin-titulo-1.jpg\" class=\"attachment-post-thumbnail size-post-thumbnail wp-post-image\" alt=\"Eficiencia del software: c\u00f3mo mejorar el rendimiento y reducir costes tecnol\u00f3gicos\" style=\"object-fit:cover;\" srcset=\"https:\/\/orizon.es\/wp-content\/uploads\/2025\/05\/Diseno-sin-titulo-1.jpg 1200w, https:\/\/orizon.es\/wp-content\/uploads\/2025\/05\/Diseno-sin-titulo-1-300x157.jpg 300w, https:\/\/orizon.es\/wp-content\/uploads\/2025\/05\/Diseno-sin-titulo-1-1024x536.jpg 1024w, https:\/\/orizon.es\/wp-content\/uploads\/2025\/05\/Diseno-sin-titulo-1-768x402.jpg 768w\" sizes=\"(max-width: 1200px) 100vw, 1200px\" \/><\/a><\/figure>\n\n\n<div class=\"wp-block-group has-global-padding is-layout-constrained wp-container-core-group-is-layout-4a7a50bb wp-block-group-is-layout-constrained\" style=\"margin-top:0px;margin-bottom:0px;padding-top:32px;padding-right:32px;padding-bottom:32px;padding-left:32px\"><div style=\"font-size:clamp(15.747px, 0.984rem + ((1vw - 3.2px) * 0.699), 24px); margin-bottom:16px;\" class=\"wp-block-post-date has-text-color has-darker-text-3-color\"><time datetime=\"2025-05-26T14:09:53+02:00\">26\/05\/2025<\/time><\/div>\n\n<h2 style=\"font-style:normal;font-weight:100;text-decoration:none;\" class=\"wp-block-post-title has-large-font-size\"><a href=\"https:\/\/orizon.es\/en\/expertise\/eficiencia-del-software\/\" target=\"_self\" >Eficiencia del software: c\u00f3mo mejorar el rendimiento y reducir costes tecnol\u00f3gicos<\/a><\/h2>\n\n\n<div class=\"wp-block-group is-content-justification-right is-nowrap is-layout-flex wp-container-core-group-is-layout-11a47eb6 wp-block-group-is-layout-flex\" style=\"margin-top:0px\"><a class=\"orizon-read-more-btn wp-block-read-more\" href=\"https:\/\/orizon.es\/en\/expertise\/eficiencia-del-software\/\" target=\"_self\">Read more<span class=\"screen-reader-text\">: Eficiencia del software: c\u00f3mo mejorar el rendimiento y reducir costes tecnol\u00f3gicos<\/span><\/a><\/div>\n<\/div>\n<\/div>\n\n<\/li><li class=\"wp-block-post post-15576 expertise type-expertise status-publish format-standard has-post-thumbnail hentry\">\n\n<div class=\"wp-block-group has-secondary-background-color has-background has-global-padding is-layout-constrained wp-container-core-group-is-layout-f29f0ec0 wp-block-group-is-layout-constrained\" style=\"padding-top:0px;padding-bottom:0px\"><figure class=\"wp-block-post-featured-image\"><a href=\"https:\/\/orizon.es\/en\/expertise\/rendimiento-del-software-la-clave-para-optimizar-el-negocio\/\" target=\"_self\"  ><img decoding=\"async\" width=\"1200\" height=\"628\" src=\"https:\/\/orizon.es\/wp-content\/uploads\/2024\/10\/rendimiento-del-software.png\" class=\"attachment-post-thumbnail size-post-thumbnail wp-post-image\" alt=\"Rendimiento del Software: La Clave para Optimizar el Negocio\" style=\"object-fit:cover;\" srcset=\"https:\/\/orizon.es\/wp-content\/uploads\/2024\/10\/rendimiento-del-software.png 1200w, https:\/\/orizon.es\/wp-content\/uploads\/2024\/10\/rendimiento-del-software-300x157.png 300w, https:\/\/orizon.es\/wp-content\/uploads\/2024\/10\/rendimiento-del-software-1024x536.png 1024w, https:\/\/orizon.es\/wp-content\/uploads\/2024\/10\/rendimiento-del-software-768x402.png 768w\" sizes=\"(max-width: 1200px) 100vw, 1200px\" \/><\/a><\/figure>\n\n\n<div class=\"wp-block-group has-global-padding is-layout-constrained wp-container-core-group-is-layout-4a7a50bb wp-block-group-is-layout-constrained\" style=\"margin-top:0px;margin-bottom:0px;padding-top:32px;padding-right:32px;padding-bottom:32px;padding-left:32px\"><div style=\"font-size:clamp(15.747px, 0.984rem + ((1vw - 3.2px) * 0.699), 24px); margin-bottom:16px;\" class=\"wp-block-post-date has-text-color has-darker-text-3-color\"><time datetime=\"2024-10-16T17:06:23+02:00\">16\/10\/2024<\/time><\/div>\n\n<h2 style=\"font-style:normal;font-weight:100;text-decoration:none;\" class=\"wp-block-post-title has-large-font-size\"><a href=\"https:\/\/orizon.es\/en\/expertise\/rendimiento-del-software-la-clave-para-optimizar-el-negocio\/\" target=\"_self\" >Rendimiento del Software: La Clave para Optimizar el Negocio<\/a><\/h2>\n\n\n<div class=\"wp-block-group is-content-justification-right is-nowrap is-layout-flex wp-container-core-group-is-layout-11a47eb6 wp-block-group-is-layout-flex\" style=\"margin-top:0px\"><a class=\"orizon-read-more-btn wp-block-read-more\" href=\"https:\/\/orizon.es\/en\/expertise\/rendimiento-del-software-la-clave-para-optimizar-el-negocio\/\" target=\"_self\">Read more<span class=\"screen-reader-text\">: Rendimiento del Software: La Clave para Optimizar el Negocio<\/span><\/a><\/div>\n<\/div>\n<\/div>\n\n<\/li><li class=\"wp-block-post post-15529 expertise type-expertise status-publish format-standard has-post-thumbnail hentry\">\n\n<div class=\"wp-block-group has-secondary-background-color has-background has-global-padding is-layout-constrained wp-container-core-group-is-layout-f29f0ec0 wp-block-group-is-layout-constrained\" style=\"padding-top:0px;padding-bottom:0px\"><figure class=\"wp-block-post-featured-image\"><a href=\"https:\/\/orizon.es\/en\/expertise\/control-dinamico-de-aplicaciones\/\" target=\"_self\"  ><img decoding=\"async\" width=\"789\" height=\"400\" src=\"https:\/\/orizon.es\/wp-content\/uploads\/2024\/10\/oki.jpg\" class=\"attachment-post-thumbnail size-post-thumbnail wp-post-image\" alt=\"An\u00e1lisis del comportamiento din\u00e1mico de aplicaciones: Mejora del rendimiento en entornos cr\u00edticos\" style=\"object-fit:cover;\" srcset=\"https:\/\/orizon.es\/wp-content\/uploads\/2024\/10\/oki.jpg 789w, https:\/\/orizon.es\/wp-content\/uploads\/2024\/10\/oki-300x152.jpg 300w, https:\/\/orizon.es\/wp-content\/uploads\/2024\/10\/oki-768x389.jpg 768w\" sizes=\"(max-width: 789px) 100vw, 789px\" \/><\/a><\/figure>\n\n\n<div class=\"wp-block-group has-global-padding is-layout-constrained wp-container-core-group-is-layout-4a7a50bb wp-block-group-is-layout-constrained\" style=\"margin-top:0px;margin-bottom:0px;padding-top:32px;padding-right:32px;padding-bottom:32px;padding-left:32px\"><div style=\"font-size:clamp(15.747px, 0.984rem + ((1vw - 3.2px) * 0.699), 24px); margin-bottom:16px;\" class=\"wp-block-post-date has-text-color has-darker-text-3-color\"><time datetime=\"2024-10-02T10:15:22+02:00\">02\/10\/2024<\/time><\/div>\n\n<h2 style=\"font-style:normal;font-weight:100;text-decoration:none;\" class=\"wp-block-post-title has-large-font-size\"><a href=\"https:\/\/orizon.es\/en\/expertise\/control-dinamico-de-aplicaciones\/\" target=\"_self\" >An\u00e1lisis del comportamiento din\u00e1mico de aplicaciones: Mejora del rendimiento en entornos cr\u00edticos<\/a><\/h2>\n\n\n<div class=\"wp-block-group is-content-justification-right is-nowrap is-layout-flex wp-container-core-group-is-layout-11a47eb6 wp-block-group-is-layout-flex\" style=\"margin-top:0px\"><a class=\"orizon-read-more-btn wp-block-read-more\" href=\"https:\/\/orizon.es\/en\/expertise\/control-dinamico-de-aplicaciones\/\" target=\"_self\">Read more<span class=\"screen-reader-text\">: An\u00e1lisis del comportamiento din\u00e1mico de aplicaciones: Mejora del rendimiento en entornos cr\u00edticos<\/span><\/a><\/div>\n<\/div>\n<\/div>\n\n<\/li><li class=\"wp-block-post post-15517 expertise type-expertise status-publish format-standard has-post-thumbnail hentry\">\n\n<div class=\"wp-block-group has-secondary-background-color has-background has-global-padding is-layout-constrained wp-container-core-group-is-layout-f29f0ec0 wp-block-group-is-layout-constrained\" style=\"padding-top:0px;padding-bottom:0px\"><figure class=\"wp-block-post-featured-image\"><a href=\"https:\/\/orizon.es\/en\/expertise\/como-mejorar-el-rendimiento-de-aplicaciones\/\" target=\"_self\"  ><img decoding=\"async\" width=\"789\" height=\"400\" src=\"https:\/\/orizon.es\/wp-content\/uploads\/2024\/01\/FIN.jpg\" class=\"attachment-post-thumbnail size-post-thumbnail wp-post-image\" alt=\"C\u00f3mo mejorar el rendimiento de aplicaciones\" style=\"object-fit:cover;\" srcset=\"https:\/\/orizon.es\/wp-content\/uploads\/2024\/01\/FIN.jpg 789w, https:\/\/orizon.es\/wp-content\/uploads\/2024\/01\/FIN-300x152.jpg 300w, https:\/\/orizon.es\/wp-content\/uploads\/2024\/01\/FIN-768x389.jpg 768w\" sizes=\"(max-width: 789px) 100vw, 789px\" \/><\/a><\/figure>\n\n\n<div class=\"wp-block-group has-global-padding is-layout-constrained wp-container-core-group-is-layout-4a7a50bb wp-block-group-is-layout-constrained\" style=\"margin-top:0px;margin-bottom:0px;padding-top:32px;padding-right:32px;padding-bottom:32px;padding-left:32px\"><div style=\"font-size:clamp(15.747px, 0.984rem + ((1vw - 3.2px) * 0.699), 24px); margin-bottom:16px;\" class=\"wp-block-post-date has-text-color has-darker-text-3-color\"><time datetime=\"2024-10-02T09:22:43+02:00\">02\/10\/2024<\/time><\/div>\n\n<h2 style=\"font-style:normal;font-weight:100;text-decoration:none;\" class=\"wp-block-post-title has-large-font-size\"><a href=\"https:\/\/orizon.es\/en\/expertise\/como-mejorar-el-rendimiento-de-aplicaciones\/\" target=\"_self\" >C\u00f3mo mejorar el rendimiento de aplicaciones<\/a><\/h2>\n\n\n<div class=\"wp-block-group is-content-justification-right is-nowrap is-layout-flex wp-container-core-group-is-layout-11a47eb6 wp-block-group-is-layout-flex\" style=\"margin-top:0px\"><a class=\"orizon-read-more-btn wp-block-read-more\" href=\"https:\/\/orizon.es\/en\/expertise\/como-mejorar-el-rendimiento-de-aplicaciones\/\" target=\"_self\">Read more<span class=\"screen-reader-text\">: C\u00f3mo mejorar el rendimiento de aplicaciones<\/span><\/a><\/div>\n<\/div>\n<\/div>\n\n<\/li><li class=\"wp-block-post post-15020 expertise type-expertise status-publish format-standard has-post-thumbnail hentry\">\n\n<div class=\"wp-block-group has-secondary-background-color has-background has-global-padding is-layout-constrained wp-container-core-group-is-layout-f29f0ec0 wp-block-group-is-layout-constrained\" style=\"padding-top:0px;padding-bottom:0px\"><figure class=\"wp-block-post-featured-image\"><a href=\"https:\/\/orizon.es\/en\/expertise\/tiempos-de-respuesta-del-software\/\" target=\"_self\"  ><img decoding=\"async\" width=\"789\" height=\"400\" src=\"https:\/\/orizon.es\/wp-content\/uploads\/2024\/01\/copia.jpg\" class=\"attachment-post-thumbnail size-post-thumbnail wp-post-image\" alt=\"Tiempos de respuesta del software: la inmediatez como requisito\" style=\"object-fit:cover;\" srcset=\"https:\/\/orizon.es\/wp-content\/uploads\/2024\/01\/copia.jpg 789w, https:\/\/orizon.es\/wp-content\/uploads\/2024\/01\/copia-300x152.jpg 300w, https:\/\/orizon.es\/wp-content\/uploads\/2024\/01\/copia-768x389.jpg 768w\" sizes=\"(max-width: 789px) 100vw, 789px\" \/><\/a><\/figure>\n\n\n<div class=\"wp-block-group has-global-padding is-layout-constrained wp-container-core-group-is-layout-4a7a50bb wp-block-group-is-layout-constrained\" style=\"margin-top:0px;margin-bottom:0px;padding-top:32px;padding-right:32px;padding-bottom:32px;padding-left:32px\"><div style=\"font-size:clamp(15.747px, 0.984rem + ((1vw - 3.2px) * 0.699), 24px); margin-bottom:16px;\" class=\"wp-block-post-date has-text-color has-darker-text-3-color\"><time datetime=\"2024-01-29T11:14:13+02:00\">29\/01\/2024<\/time><\/div>\n\n<h2 style=\"font-style:normal;font-weight:100;text-decoration:none;\" class=\"wp-block-post-title has-large-font-size\"><a href=\"https:\/\/orizon.es\/en\/expertise\/tiempos-de-respuesta-del-software\/\" target=\"_self\" >Tiempos de respuesta del software: la inmediatez como requisito<\/a><\/h2>\n\n\n<div class=\"wp-block-group is-content-justification-right is-nowrap is-layout-flex wp-container-core-group-is-layout-11a47eb6 wp-block-group-is-layout-flex\" style=\"margin-top:0px\"><a class=\"orizon-read-more-btn wp-block-read-more\" href=\"https:\/\/orizon.es\/en\/expertise\/tiempos-de-respuesta-del-software\/\" target=\"_self\">Read more<span class=\"screen-reader-text\">: Tiempos de respuesta del software: la inmediatez como requisito<\/span><\/a><\/div>\n<\/div>\n<\/div>\n\n<\/li><\/ul><\/div>\n<\/div>\n","protected":false},"excerpt":{"rendered":"<p>Expertise A space to share with you our knowledge and expertise in software optimization and IT performance.<\/p>\n","protected":false},"author":1,"featured_media":0,"parent":0,"menu_order":0,"comment_status":"closed","ping_status":"closed","template":"","meta":{"_uag_custom_page_level_css":"","footnotes":""},"class_list":["post-13894","page","type-page","status-publish","hentry"],"uagb_featured_image_src":{"full":false,"thumbnail":false,"medium":false,"medium_large":false,"large":false,"1536x1536":false,"2048x2048":false},"uagb_author_info":{"display_name":"david","author_link":"https:\/\/orizon.es\/en\/author\/david\/"},"uagb_comment_info":0,"uagb_excerpt":"Expertise A space to share with you our knowledge and expertise in software optimization and IT performance.","_links":{"self":[{"href":"https:\/\/orizon.es\/en\/wp-json\/wp\/v2\/pages\/13894","targetHints":{"allow":["GET"]}}],"collection":[{"href":"https:\/\/orizon.es\/en\/wp-json\/wp\/v2\/pages"}],"about":[{"href":"https:\/\/orizon.es\/en\/wp-json\/wp\/v2\/types\/page"}],"author":[{"embeddable":true,"href":"https:\/\/orizon.es\/en\/wp-json\/wp\/v2\/users\/1"}],"replies":[{"embeddable":true,"href":"https:\/\/orizon.es\/en\/wp-json\/wp\/v2\/comments?post=13894"}],"version-history":[{"count":6,"href":"https:\/\/orizon.es\/en\/wp-json\/wp\/v2\/pages\/13894\/revisions"}],"predecessor-version":[{"id":15128,"href":"https:\/\/orizon.es\/en\/wp-json\/wp\/v2\/pages\/13894\/revisions\/15128"}],"wp:attachment":[{"href":"https:\/\/orizon.es\/en\/wp-json\/wp\/v2\/media?parent=13894"}],"curies":[{"name":"wp","href":"https:\/\/api.w.org\/{rel}","templated":true}]}}